{"id":509,"date":"2026-04-14T13:22:42","date_gmt":"2026-04-14T11:22:42","guid":{"rendered":"https:\/\/mma.grzegorzfortuna.eu\/?page_id=509"},"modified":"2026-04-14T13:24:58","modified_gmt":"2026-04-14T11:24:58","slug":"o-klubie-mma-lublin-shootfighters","status":"publish","type":"page","link":"https:\/\/mma.grzegorzfortuna.eu\/index.php\/o-klubie-mma-lublin-shootfighters\/","title":{"rendered":"O klubie MMA Lublin Shootfighters"},"content":{"rendered":"\t\t<div data-elementor-type=\"wp-page\" data-elementor-id=\"509\" class=\"elementor elementor-509\" data-elementor-post-type=\"page\">\n\t\t\t\t<div class=\"elementor-element elementor-element-e3166b9 e-flex e-con-boxed e-con e-parent\" data-id=\"e3166b9\" data-element_type=\"container\" data-e-type=\"container\">\n\t\t\t\t\t<div class=\"e-con-inner\">\n\t\t<div class=\"elementor-element elementor-element-fed2dd0 e-con-full e-flex e-con e-child\" data-id=\"fed2dd0\" data-element_type=\"container\" data-e-type=\"container\">\n\t\t\t\t<div class=\"elementor-element elementor-element-f3a185a elementor-widget elementor-widget-text-editor\" data-id=\"f3a185a\" data-element_type=\"widget\" data-e-type=\"widget\" data-widget_type=\"text-editor.default\">\n\t\t\t\t\t\t\t\t\t<p>KLUB SPORTOWY MMA SHOOTFIGHTERS LUBLIN zajmuje si\u0119 nauk\u0105 sztuk i sport\u00f3w walki. Prowadzimy Sekcje sportowe dla Dzieci, M\u0142odzie\u017cy i Doros\u0142ych. Prowadzimy tak\u017ce komfortowe grupy treningowe dla Kobiet<\/p><p>MMA, MUAY-THAI, BOKS, SANDA, KICKBOXING K1, SUBMISSION, SAMOOBRONA, STREETFIGHTING, CROSS-FIGHT<\/p><p>Mo\u017cesz u nas trenowa\u0107 na grupach lub w systemie indywidualnym<\/p><p>Treningi w naszym Klubie s\u0105 przeznaczone dla wszystkich ch\u0119tnych, zar\u00f3wno pocz\u0105tkuj\u0105cych jak i zaawansowanych w sztukach walki.<br \/>Czy jeste\u015b nowicjuszem czy zaawansowanym, treningi w naszym klubie mi\u0142o Ci\u0119 zaskocz\u0105: jako\u015bci\u0105, metodyk\u0105 nauczania, wysokim poziomem technicznym oraz indywidualnym podej\u015bciem do ka\u017cdego \u0107wicz\u0105cego. <br \/>Na naszych zaj\u0119ciach nie spotkasz si\u0119 z buddyzmem, tajemniczymi si\u0142ami, lataniem i krzyczeniem.<\/p><p>Nasze treningi zapewniaj\u0105 Ci nauke w ka\u017cdej p\u0142aszczy\u017anie walki: <br \/>&#8222;<b>ST\u00d3JKA<\/b>&#8222;, &#8222;<b>ZWARCIE<\/b>&#8221; i &#8222;<b>PARTER<\/b>&#8222;<br \/>Ka\u017cdy trening zawiera solidn\u0105 rozgrzewk\u0119 kszta\u0142tuj\u0105c\u0105 rozci\u0105g, gibko\u015b\u0107, dynamik\u0119, si\u0142\u0119 i wytrzyma\u0142o\u015b\u0107. 70% St\u00f3jka a wi\u0119c Boks, Kickboxing, Muay-Thai, Sanda. 30% Parter a wi\u0119c Submission Fighting, grappling, zapasy, bjj.<\/p><p>Treningi MMA Mieszancyh Sztuk Walki jest prowadzony z podzia\u0142em na p\u0142aszczyzny walki. Na jednym treningu skupiamy si\u0119 na technikach st\u00f3jkowch \u0142\u0105cznie z wyci\u0119ciami obaleniami, czyli staramy si\u0119 wygra\u0107 walk\u0119 st\u00f3jce bez przechodzenia z przeciwnikiem do parteru. Drugi trening ju\u017c jest mocno wszechstrony. Na takim treningu ju\u017c robimy wi\u0119cej obale\u0144 i parteru.<\/p><p>Nasze zaj\u0119cia odbywaj\u0105 si\u0119 w przyjaznej atmosferze, przy u\u017cyciu bezpiecznych metod treningowych. Program i spos\u00f3b prowadzenia zaj\u0119\u0107 umo\u017cliwia udzia\u0142 w nich osobom w r\u00f3\u017cnym wieku, o r\u00f3\u017cnym poziomie sprawno\u015bci fizycznej.<\/p><p>Nasze Stowarzyszenie Sportowe organizuje treningi od 1992 roku i jest zarejestrowane w Urz\u0119dzie Miasta Lublin pod nazw\u0105 <br \/><b>Klub Sportowy SHOOTFIGHTERS<i><\/i><\/b>.<\/p><p>Prezesem oraz g\u0142\u00f3wnym instruktorem jest Piotr Skrobas.<\/p><center><img decoding=\"async\" title=\"Piotr Skrobas Trener SHOOTFIGHTERES MMA Lublin Kickboxing K1 UFC KSW MuayThai Sanda Bjj Submission Fighting Samoobrona Sztuki Walki Lublin\" src=\"https:\/\/www.mma-lublin.com\/images\/piotr_skrobas_trener_mma.jpg\" alt=\"MMA LUBLIN Piotr Skrobas Trener MMA Mieszane Sztuki Walki\" \/><\/center><p>Piotr Skrobas &#8211; instruktor MMA, KICKBOXING, SANDA, SHOOT-BOXING, MUAY-THAI, SAMOOBRONA, SUBMISSION FIGHTING.<\/p><p>Trener Piotr Skrobas sztuki walki zacz\u0105\u0142 trenowa\u0107 w wieku 7lat. Trenowa\u0142 klasyczny boks oraz kickboxing. P\u00f3\u017aniej zacz\u0105\u0142 trenowa\u0107 chi\u0144ski sytem walki i samoobrony TanglangQuan, kt\u00f3rego nieodzown\u0105 cz\u0119\u015bci\u0105 treningu jest SANDA. Sanda jest narodowym sportem walki w Chinach, jest te\u017c znacznie wszechstronniejszym, bardziej wymagaj\u0105cym systemem walki ni\u017c np. kickboxing czy muaythai. Nast\u0119pnie rozpocze\u0142a si\u0119 przygoda z formu\u0142\u0105 MMA, VALE TUDO dlatego te\u017c swoje treningi zacz\u0105\u0142 uzupe\u0142niac o techniki parterowe. Treningi sztuk walki to ci\u0105g\u0142\u0119 zdobywanie wiedzy dlatego nasz trener by\u0142 uczestnikiem wielu szkole\u0144, seminari\u00f3w sztuk i sport\u00f3w walki: Muay-Thai, Boks, Kickboxing, MMA, Sanda, Kung-Fu, Grappling, Combat 56, Vale Tudo, Sambo, Systema, Samoobrona.<\/p><p>Klub prowadzi seminaria i szkolenia na terenie naszego kraju oraz za granic\u0105.<\/p><p>Klub szkoli student\u00f3w tak\u017ce z zagranicy: USA, UK, Ukraina, Niemcy, Chiny, Taiwan, Bia\u0142oru\u015b, Turcja, Belgia, Hiszpania itd. <a href=\"https:\/\/www.mma-lublin.com\/Mixed_Martial_Arts_Lublin.html\">English Version<\/a><\/p><p>Profesjonalnie zajmujemy si\u0119 przygotowaniem zawodnik\u00f3w do walk na zawodach amatorskich oraz galach zawodowych.<\/p><p>Nasz Trener naucza ta\u017ce student\u00f3w z zagranicy: USA, UK, Ukraina, Niemcy, Chiny, Taiwan, Bia\u0142oru\u015b, Turcja, Belgia, Hiszpania. Dla student\u00f3w z zagranicy treningi prwodzone s\u0105 w j\u0119zyku Angielskim.<\/p><p><b>SHOOTFIGHTERES LUBLIN trains students to fight in all phases of combat: kicks, strikes, locks, clinches, throws and ground fighting. Through regular weekly training you will gain self defence skills as well as make new friends, improve self confidence, fitness and relieve the stress of todays hectic world.<\/b><\/p><p><b>CLASES and PERSONAL TRAINING<\/b><\/p><p><b>GROUP TRAINING:<\/b><\/p><p>MMA Mixed Martial Arts ( Boxing, Kickboxing K1, Muay Thai, Sanda, Bjj, Shoot Boxing, Submission Fighting, Self-Defense)<\/p><p><b>Phone 798-720-668<\/b><\/p><p><b>PERSONAL TRAINING:<\/b><\/p><p><b>MMA<\/b> <b>KICKBOXING<\/b> <b>K1<\/b> <b>BOXING<\/b> <b>MUAY-THAI<\/b> <b>SANDA<\/b> <b>SUBMISSION FIGHTING<\/b> <b>SELF-DEFENSE<\/b> <b>CROSS-FIGHT<\/b><\/p><center><p><b>You Can Join Any Time<\/b><\/p><p><b>We look forward to seeing you in class!<\/b><\/p><\/center>\t\t\t\t\t\t\t\t<\/div>\n\t\t\t\t<\/div>\n\t\t<div class=\"elementor-element elementor-element-6572dfd e-con-full e-flex e-con e-child\" data-id=\"6572dfd\" data-element_type=\"container\" data-e-type=\"container\">\n\t\t\t\t<\/div>\n\t\t\t\t\t<\/div>\n\t\t\t\t<\/div>\n\t\t\t\t<\/div>\n\t\t","protected":false},"excerpt":{"rendered":"<p>KLUB SPORTOWY MMA SHOOTFIGHTERS LUBLIN zajmuje si\u0119 nauk\u0105 sztuk i sport\u00f3w walki. Prowadzimy Sekcje sportowe dla Dzieci, M\u0142odzie\u017cy i Doros\u0142ych. Prowadzimy tak\u017ce komfortowe grupy treningowe dla Kobiet MMA, MUAY-THAI, BOKS, SANDA, KICKBOXING K1, SUBMISSION, SAMOOBRONA, STREETFIGHTING, CROSS-FIGHT Mo\u017cesz u nas trenowa\u0107 na grupach lub w systemie indywidualnym Treningi w naszym Klubie s\u0105 przeznaczone dla wszystkich [&hellip;]<\/p>\n","protected":false},"author":1,"featured_media":0,"parent":0,"menu_order":0,"comment_status":"closed","ping_status":"closed","template":"","meta":{"footnotes":""},"class_list":["post-509","page","type-page","status-publish","hentry"],"_links":{"self":[{"href":"https:\/\/mma.grzegorzfortuna.eu\/index.php\/wp-json\/wp\/v2\/pages\/509","targetHints":{"allow":["GET"]}}],"collection":[{"href":"https:\/\/mma.grzegorzfortuna.eu\/index.php\/wp-json\/wp\/v2\/pages"}],"about":[{"href":"https:\/\/mma.grzegorzfortuna.eu\/index.php\/wp-json\/wp\/v2\/types\/page"}],"author":[{"embeddable":true,"href":"https:\/\/mma.grzegorzfortuna.eu\/index.php\/wp-json\/wp\/v2\/users\/1"}],"replies":[{"embeddable":true,"href":"https:\/\/mma.grzegorzfortuna.eu\/index.php\/wp-json\/wp\/v2\/comments?post=509"}],"version-history":[{"count":4,"href":"https:\/\/mma.grzegorzfortuna.eu\/index.php\/wp-json\/wp\/v2\/pages\/509\/revisions"}],"predecessor-version":[{"id":513,"href":"https:\/\/mma.grzegorzfortuna.eu\/index.php\/wp-json\/wp\/v2\/pages\/509\/revisions\/513"}],"wp:attachment":[{"href":"https:\/\/mma.grzegorzfortuna.eu\/index.php\/wp-json\/wp\/v2\/media?parent=509"}],"curies":[{"name":"wp","href":"https:\/\/api.w.org\/{rel}","templated":true}]}}